{"id":11570,"date":"2020-12-25T01:15:32","date_gmt":"2020-12-25T00:15:32","guid":{"rendered":"https:\/\/alpavista.ch\/Alp11\/?page_id=11570"},"modified":"2025-12-08T14:42:35","modified_gmt":"2025-12-08T13:42:35","slug":"alpavista-version-7-xx","status":"publish","type":"page","link":"https:\/\/alpavista.ch\/Alp11\/alpavista\/alpavista-version-7-xx\/","title":{"rendered":"AlpAvistA Version 7.xx"},"content":{"rendered":"<p><strong>Historique des mises \u00e0 jour du site<\/strong> (12.2020 &#8211; xx.202x)<\/p>\n<p><img decoding=\"async\" src=\"https:\/\/www.alpavista.ch\/Alp11\/wp-content\/uploads\/Images_Site\/vig_alpavista_7.jpg\" alt=\"Page d'accueil de la version 7\" align=\"right\" \/><br \/>\n<a href=\"https:\/\/www.alpavista.ch\/Alp11\/alpavista\/alpavista-version-1xx\/\">Historique de la version 1<\/a><br \/>\n<a href=\"https:\/\/www.alpavista.ch\/Alp11\/alpavista\/alpavista-version-2xx\/\">Historique de la version 2<\/a><br \/>\n<a href=\"https:\/\/www.alpavista.ch\/Alp11\/alpavista\/alpavista-version-3xx\/\">Historique de la version 3<\/a><br \/>\n<a href=\"https:\/\/www.alpavista.ch\/Alp11\/alpavista\/alpavista-version-4xx\/\">Historique de la version 4<\/a><br \/>\n<a href=\"https:\/\/www.alpavista.ch\/Alp11\/alpavista\/alpavista-version-5xx\/\">Historique de la version 5<\/a><br \/>\n<a href=\"https:\/\/www.alpavista.ch\/Alp11\/alpavista\/alpavista-version-6xx\/\">Historique de la version 6<\/a><br \/>\nHistorique de la version 7<\/p>\n<p><strong><em>Cecil<\/em><\/strong> (18.04.2025 &#8211; v.7.98)<br \/>\n&#8211; Gene (Harris), la \u00ab majeur \u00bb qui jazz en vue de No\u00ebl.<\/p>\n<p><strong><em>Cecil<\/em><\/strong> (18.04.2025 &#8211; v.7.97)<br \/>\n&#8211; Cecil, une \u00ab majeur \u00bb qui pianote pour P\u00e2ques.<\/p>\n<p><strong><em>Rollin&rsquo; Rollin&rsquo; Rollin&rsquo;<\/em><\/strong> (14.11.2024 &#8211; v.7.96)<br \/>\n&#8211; (Sonny) Rollins, l&rsquo;automne en pente douce avec un imperturbable WordPress qui met sa 6.7 pour l&rsquo;hiver.<\/p>\n<p><strong><em>Dorsey<\/em><\/strong> (17.07.2024 &#8211; v.7.95)<br \/>\n&#8211; WordPress 6.6 alias (Tommy) Dorsey, l&rsquo;habituelle m\u00e0j majeure de mi-\u00e9t\u00e9.<\/p>\n<p><strong><em>Regina<\/em><\/strong> (03.04.2024 &#8211; v.7.94)<br \/>\n&#8211; Regina (Carter) la premi\u00e8re \u00ab majeur \u00bb 2024 passe \u00ab cr\u00e8me \u00bb comme c&rsquo;est d\u00e9sormais l&rsquo;habitude avec la tr\u00e8s stable infrastructure de \u00ab WordPress \u00bb.<\/p>\n<p><strong><em>La \u00ab Foo Family \u00bb s\u2019agrandit !<\/em><\/strong> (23.03.2024 &#8211; v.7.93)<br \/>\n&#8211; Suite aux difficult\u00e9s de mise \u00e0 jour li\u00e9es \u00e0 son changement d&rsquo;\u00e9diteur, remplacement du plug-in LightBox \u00ab Easy FancyBox-Pro \u00bb par le tr\u00e8s compatible \u00ab FooBox Pro \u00bb.<\/p>\n<p><strong><em>6.4.1<\/em><\/strong> (09.11.2023 &#8211; v.7.92)<br \/>\n&#8211; Shirley (Horn), encore une mise \u00e0 jour majeure qui \u00ab\u00a0passe toute seule\u00a0\u00bb. La robustesse de WP et du th\u00e8me Valenti ne cessera jamais de m&rsquo;\u00e9tonner.<\/p>\n<p><strong><em>6.3<\/em><\/strong> (10.08.2023 &#8211; v.7.91)<br \/>\n&#8211; Lionel (Hampton), l&rsquo;habituelle Majeure de mi-\u00e9t\u00e9 est au rendez-vous d&rsquo;ao\u00fbt. No Souci, As Usual !<\/p>\n<p><strong><em>6.2<\/em><\/strong> (31.03.2023 &#8211; v.7.90)<br \/>\n&#8211; Dolphy, une premi\u00e8re Majeure 2023 qui ne doit rien \u00e0 l&rsquo;ancien conseiller f\u00e9d\u00e9ral natif de Kandersteg<\/p>\n<p><strong><em>Cache Cache<\/em><\/strong> (14.12.2022 &#8211; v.7.80)<br \/>\n&#8211; Face \u00e0 l&rsquo;insistance du syst\u00e8me de contr\u00f4le interne de la sant\u00e9 du site, j&rsquo;ai fini par c\u00e9der et par installer un plug-in de \u00ab\u00a0Cache\u00a0\u00bb, cens\u00e9 am\u00e9liorer la vitesse chargement des pages d&rsquo;AlpAvista. Depuis ce jour, WP Super Cache se charge de faire l&rsquo;interm\u00e9diaire entre l&rsquo;incontournable duo \u00ab\u00a0PHP\/SQL\u00a0\u00bb et les pages \u00ab\u00a0HTML\u00a0\u00bb affich\u00e9es \u00e0 la vol\u00e9e.<\/p>\n<p><span style=\"color: #000000;\"><strong><em>RIP Nextcellent&amp;NextGen Gallery Plugin<\/em><\/strong> (09.12.2022 &#8211; v.7.77)<\/span><br \/>\n<strong><span style=\"color: #ff0000;\">### 7.77 &#8211; Un num\u00e9ro de version \u00ab\u00a0sp\u00e9cial\u00a0\u00bb pour la plus grosse mise \u00e0 jour jamais entreprise sur AlpAvistA ###<\/span><\/strong><br \/>\n<span style=\"color: #000000;\">&#8211; Mise \u00e0 niveau du\u00a0 PHP , de la version 7.4 vers la version 8.1.<\/span><br \/>\n<span style=\"color: #000000;\">&#8211; Migration de la base de donn\u00e9es de MySQL5.7 vers MariaDB10.4.<\/span><br \/>\n<span style=\"color: #000000;\">&#8211; Un upgrade aussi \u00ab\u00a0radical\u00a0\u00bb du moteur rend malheureusement obsol\u00e8te le plugin NextCellent Gallery, pi\u00e8ce centrale de toutes les images du site.<\/span><br \/>\n<span style=\"color: #000000;\">&#8211; <\/span><span style=\"color: #000000;\">Installation du plugin FooGallery, importation+reconfiguration des <strong>850 galleries (~25&rsquo;000 images)<\/strong> et remplacement de tous les \u00ab\u00a0short codes\u00a0\u00bb li\u00e9s<\/span><br \/>\n<span style=\"color: #000000;\">&#8211; Mise en service du plugin Real Media Library pour r\u00e9-organiser \u00ab\u00a0virtuellement\u00a0\u00bb toutes les images transf\u00e9r\u00e9es dans l&rsquo;unique dossier \u00ab\u00a0m\u00e9dias\u00a0\u00bb.<\/span><br \/>\n<span style=\"color: #000000;\">&#8211; Epuration des images stock\u00e9es par NexcCellent Gallery au fil des 22 ans de vie du site.<\/span><br \/>\n<span style=\"color: #000000;\">&#8211; Suppression du \u00ab\u00a0footer\u00a0\u00bb de la page d&rsquo;accueil peu visible et pas forc\u00e9ment utile.<\/span><br \/>\n<span style=\"color: #000000;\">&#8211; Et apr\u00e8s tout \u00e7a, AlpAvistA fonctionne encore et toujours. Et peut-\u00eatre, m\u00eame mieux que jamais !<\/span><\/p>\n<p><strong><em>6.1<\/em><\/strong> (02.11.2022 &#8211; v.7.60)<br \/>\n&#8211; Apr\u00e8s quelques M\u00e0J mineures, voil\u00e0 Misha, la 3\u00e8me mise \u00e0 jour majeure de l&rsquo;ann\u00e9e 2022, en hommage au pianiste de jazz sovi\u00e9to-norv\u00e9gien Mikhail \u00ab Misha \u00bb Alperin.<\/p>\n<p><strong><em>6.0<\/em><\/strong> (26.05.2022 &#8211; v.7.50)<br \/>\n&#8211; Arturo, une grosse \u00ab majeure \u00bb qui d\u00e9pote fort !<\/p>\n<p><strong><em>5.9.1<\/em><\/strong> (22.02.2022 &#8211; v.7.31)<br \/>\n&#8211; Si la date ne comporte que des \u00ab\u00a02\u00a0\u00bb (et des z\u00e9ros), la 5.9 gagne automatiquement un peut .1 qui r\u00e8gle quelques bugs de jeunesse<\/p>\n<p><strong><em>Osez Jos\u00e9phine !<\/em><\/strong> (26.01.2022 &#8211; v.7.30)<br \/>\n&#8211; La premi\u00e8re \u00ab WP Major Update 2022 \u00bb en l&rsquo;honneur de Madame Baker<br \/>\n&#8211; WordPress 5.9 Rocks.. Ou plut\u00f4t Jazz !<\/p>\n<p><strong><em>Welcome to Tatum<\/em><\/strong> (22.07.2021 &#8211; v.7.20)<br \/>\n&#8211; Encore une nouvelle \u00ab WP Major Update \u00bb qui d\u00e9pote grave !<\/p>\n<p><strong><em>Tenue de juin<\/em><\/strong> (05.06.2021 &#8211; v.7.12)<br \/>\n&#8211; Le th\u00e8me Valenti (5.6.3.5 &amp; 5.6.3.6) poursuit son affinage.<\/p>\n<p><strong><em>Muguet du premier mai<\/em><\/strong> (11.03.2021 &#8211; v.7.11)<br \/>\n&#8211; Deux nouvelles micro updates du th\u00e8me Valenti (5.6.3.3 &amp; 5.3.4) qui corrige peu \u00e0 peu ses derniers bugs.<\/p>\n<p><strong><em>Esperanza<\/em><\/strong> (11.03.2021 &#8211; v.7.10)<br \/>\n&#8211; Un nouvelle \u00ab WP Major Update \u00bb (5.7) \u00e0 l&rsquo;appellation hautement appr\u00e9ciable en ces temps troubles.<\/p>\n<p><strong><em>Petit \u00e0 petit&#8230;<\/em><\/strong> (07.01.2021 &#8211; v. 7.04)<br \/>\n&#8230;. la 7 aboutit !<br \/>\n&#8211; Deux mini updates du th\u00e8me Valenti, 5.6.3.1 et 5.6.3.2, et une reconfiguration de la page d&rsquo;accueil (3x grid5) pour aboutir \u00e0 la premi\u00e8re version graphique consid\u00e9r\u00e9e comme \u00ab\u00a0aboutie\u00a0\u00bb.<\/p>\n<p><em><strong>5.6.3 <\/strong><\/em>(06.01.2021 &#8211; v. 7.03<br \/>\n&#8211; Encore une \u00ab\u00a0petite\u00a0\u00bb version de r\u00e9glage pour le th\u00e8me Valenti. Ca bosse du c\u00f4t\u00e9 de chez CodeTipi.<\/p>\n<p><em><strong>5.6.2 <\/strong><\/em>(30.12.2020 &#8211; v. 7.02)<br \/>\n&#8211; La \u00ab\u00a0grosse\u00a0\u00bb mise \u00e0 jour d&rsquo;un th\u00e8me aussi complexe n\u00e9cessite\u00a0 forc\u00e9ment quelques petits r\u00e9glages. Dans la foul\u00e9e de la 5.6, voici d\u00e9j\u00e0 ses petites soeurs, les 5.6.1 et 5.6.2.<\/p>\n<p><strong><em>Fancy <\/em><\/strong>(27.12.2020 &#8211; v. 7.01)<br \/>\n&#8211; Int\u00e9gration du puissant et tr\u00e8s configurable plugin \u00ab\u00a0Easy FancyBox-Pro\u00a0\u00bb, pour (enfin) am\u00e9liorer la visualisation des belles images d&rsquo;AlpAvistA.<\/p>\n<p><em><strong>Valenti 5.6<\/strong> <\/em>(24.12.2020 &#8211; v. 7.00)<br \/>\n&#8211; La \u00ab\u00a0lourde\u00a0\u00bb et tr\u00e8s attendue mise \u00e0 jour du th\u00e8me Valenti 5.6 est l&rsquo;occasion de revoir partiellement la charte graphique du site et d&rsquo;entamer un nouveau cycle, sous le signe du vert d&rsquo;AlpA 7.<br \/>\n&#8211; Nouvelle couleur de base : #59a012<br \/>\n&#8211; Nouvelle fonte : Encode Sans Condensed<br \/>\n&#8211; Nouvelle taille d&rsquo;images : 1600&#215;900 pixels<\/p>\n<input class=\"fooboxshare_post_id\" type=\"hidden\" value=\"11570\"\/>","protected":false},"excerpt":{"rendered":"<p>Historique des mises \u00e0 jour du site (12.2020 &#8211; xx.202x) Historique de la version 1 Historique de la version 2 Historique de la version 3 Historique de la version 4 Historique de la version 5 Historique de la version 6 Historique de la version 7 Cecil (18.04.2025 &#8211; v.7.98) &#8211; Gene (Harris), la \u00ab majeur \u00bb qui jazz en vue de No\u00ebl. Cecil (18.04.2025 &#8211; v.7.97) &#8211; Cecil, une \u00ab majeur \u00bb qui pianote pour P\u00e2ques. Rollin&rsquo; Rollin&rsquo; Rollin&rsquo; (14.11.2024 [&hellip;]<\/p>\n","protected":false},"author":2,"featured_media":0,"parent":261,"menu_order":0,"comment_status":"closed","ping_status":"closed","template":"","meta":{"footnotes":""},"class_list":["post-11570","page","type-page","status-publish","hentry"],"_links":{"self":[{"href":"https:\/\/alpavista.ch\/Alp11\/wp-json\/wp\/v2\/pages\/11570","targetHints":{"allow":["GET"]}}],"collection":[{"href":"https:\/\/alpavista.ch\/Alp11\/wp-json\/wp\/v2\/pages"}],"about":[{"href":"https:\/\/alpavista.ch\/Alp11\/wp-json\/wp\/v2\/types\/page"}],"author":[{"embeddable":true,"href":"https:\/\/alpavista.ch\/Alp11\/wp-json\/wp\/v2\/users\/2"}],"replies":[{"embeddable":true,"href":"https:\/\/alpavista.ch\/Alp11\/wp-json\/wp\/v2\/comments?post=11570"}],"version-history":[{"count":0,"href":"https:\/\/alpavista.ch\/Alp11\/wp-json\/wp\/v2\/pages\/11570\/revisions"}],"up":[{"embeddable":true,"href":"https:\/\/alpavista.ch\/Alp11\/wp-json\/wp\/v2\/pages\/261"}],"wp:attachment":[{"href":"https:\/\/alpavista.ch\/Alp11\/wp-json\/wp\/v2\/media?parent=11570"}],"curies":[{"name":"wp","href":"https:\/\/api.w.org\/{rel}","templated":true}]}}