{"id":1315,"date":"2009-01-28T14:34:09","date_gmt":"2009-01-28T13:34:09","guid":{"rendered":"http:\/\/www.alpavista.ch\/Alp11\/?page_id=1315"},"modified":"2020-12-25T01:29:18","modified_gmt":"2020-12-25T00:29:18","slug":"alpavista-version-3xx","status":"publish","type":"page","link":"https:\/\/alpavista.ch\/Alp11\/alpavista\/alpavista-version-3xx\/","title":{"rendered":"AlpAvistA version 3.xx"},"content":{"rendered":"<p><strong>Historique des mises \u00e0 jour du site<\/strong> (01.2009 &#8211; 12.2010)<\/p>\n<p><img decoding=\"async\" alt=\"Page d'accueil de la version 3\" src=\"https:\/\/www.alpavista.ch\/Alp11\/wp-content\/uploads\/Images_Site\/vig_alpavista_3.jpg\" align=\"right\" \/><br \/>\n<a href=\"https:\/\/www.alpavista.ch\/Alp11\/alpavista\/alpavista-version-1xx\/\">Historique de la version 1<\/a><br \/>\n<a href=\"https:\/\/www.alpavista.ch\/Alp11\/alpavista\/alpavista-version-2xx\/\">Historique de la version 2<\/a><br \/>\nHistorique de la version 3<br \/>\n<a href=\"https:\/\/www.alpavista.ch\/Alp11\/alpavista\/alpavista-version-4xx\/\">Historique de la version 4<\/a><br \/>\n<a href=\"https:\/\/www.alpavista.ch\/Alp11\/alpavista\/alpavista-version-5xx\/\">Historique de la version 5<\/a><br \/>\n<a href=\"https:\/\/www.alpavista.ch\/Alp11\/alpavista\/alpavista-version-6xx\/\">Historique de la version 6<\/a><br \/>\n<a href=\"https:\/\/www.alpavista.ch\/Alp11\/alpavista\/alpavista-version-7-xx\/\">Historique de la version 7<\/a><\/p>\n<p>&nbsp;<\/p>\n<p>&nbsp;<\/p>\n<p><em><strong>Partager mieux<\/strong><\/em> (10.08.2010 &#8211; v.3.25)<br \/>\n&#8211; Remplacement du plug-in Sociable par Bookmarkify et mise \u00e0 jour des r\u00e9seaux sociaux disponibles (del.icio.us, Facebook, LinkedIn, Twitter, Windows Live, FeedBurner Email)<\/p>\n<p><em><strong>RSS Grafitti<\/strong><\/em> (07.08.2010 &#8211; v.3.24)<br \/>\n&#8211; Mise en place de l&rsquo;application FB RSS Grafitti charg\u00e9e de rapatrier automatiquement les nouveaux articles sur la page AlpAvistA de mon compte Facebook.<br \/>\n&#8211; Installation du plugin Post To Twitter qui en fait de m\u00eame pour la plate-forme Twitter.<\/p>\n<p><em><strong>Partager<\/strong><\/em> (07.08.2010 &#8211; v.3.23)<br \/>\n&#8211; Installation du plug-in Sociable pour permettre le partage d&rsquo;articles en provenance d&rsquo;AlpAvistA sur les principaux r\u00e9seaux sociaux. (Facebook, Twitter, LinkedIn, MS Live, Technocrati, Wikio)<\/p>\n<p><em><strong>RezO sOciO<\/strong><\/em> (06.08.2010 &#8211; v.3.22)<br \/>\n&#8211; mise en place d&rsquo;un widget pour suivre AlpAvistA sur les deux r\u00e9seaux sociaux les plus actifs : Facebook &amp; Twitter<\/p>\n<p><em><strong>AgorAlp AlatrAppe<\/strong><\/em> (11.06.2009 &#8211; v.3.21)<br \/>\n&#8211; d\u00e9sinstallation de la partie forum AgorAlp n&rsquo;int\u00e9ressant visiblement pas grand monde, mis \u00e0 part les robots sp\u00e9cialis\u00e9s dans le Spam.<br \/>\n&#8211; mises \u00e0 jour mineures des plug-ins NextGEN Gallery, Akismet, Google XML Sitemaps, Quotes Collection et WP-chgFontSize.<\/p>\n<p><em><strong>AgorAlp &#8211; Forum<\/strong><\/em> (07.04.2009 &#8211; v.3.20)<br \/>\n&#8211; mise en service et configuration d&rsquo;un forum PunBB\/FluxBB<br \/>\n&#8211; gros travail sur les templates pour l&rsquo;adapter au graphisme d&rsquo;AlpAvistA (int\u00e9gration du header et du footer, adaptation du CSS)<\/p>\n<p><em><strong>WP.Stats VS Google Analytics<\/strong><\/em> (17.03.2009 &#8211; v.3.19)<br \/>\n&#8211; essai des plugins WordPress.com Stats et Google Analytics For WordPress et &#8230; renoncement final aux deux.<br \/>\n&#8211; insertion du code Google Analytics directement \u00ab\u00a0en dur\u00a0\u00bb dans le footer du th\u00e8me.<br \/>\n&#8211; suite de l&rsquo;all\u00e9gement g\u00e9n\u00e9ral du site avec la suppression du plugin All in One SEO Pack \u00e0 l&rsquo;utilit\u00e9 incertaine.<\/p>\n<p><em><strong>Stats to the Trash<\/strong><\/em> (10.03.2009 &#8211; v.3.18)<br \/>\n&#8211; D\u00e9sintallation du plugin StatPress Reloaded, incompatible avec DB-Cache et tr\u00e8s gourmand en ressources BDD.<\/p>\n<p><em><strong>R\u00e9f\u00e9rencement<\/strong><\/em> (25.02.2009 &#8211; v.3.17)<br \/>\n&#8211; Installation de All in One SEO Pack pour g\u00e9n\u00e9rer des balises d&rsquo;ent\u00eate dans chaque page et am\u00e9liorer son r\u00e9f\u00e9rencement dans les diff\u00e9rents moteurs de recherche.<\/p>\n<p><em><strong>WP Upgrade &amp; Clean<\/strong><\/em> (11.02.2009 &#8211; v.3.16)<br \/>\n&#8211; Mise \u00e0 jour de WordPress version 2.7.1.<br \/>\n&#8211; Hack du fichier wp-config.php pour ne plus enregistrer de sauvegardes interm\u00e9diaires des articles.<br \/>\n&#8211; Suppression dans la BDD, de toutes les sauvegardes-historique des articles. Espace gagn\u00e9 : environ 5 Mb !!!!<\/p>\n<p><em><strong>La vue qui baisse ?<\/strong><\/em> (10.02.2009 &#8211; v.3.15)<br \/>\n&#8211; Installation du plugin WP-FontSize pour permettre au lecteur d&rsquo;augmenter ou de diminuer la police de caract\u00e8res des articles.<\/p>\n<p><em><strong>Gallery Effects<\/strong><\/em> (09.02.2009 &#8211; v.3.14)<br \/>\n&#8211; Installation du plugin Slimbox for WordPress et reconfiguration de NextGenGallery pour en utiliser les effets (rel=\u00a0\u00bbLightbox\u00a0\u00bb)<br \/>\n&#8211; Reconfiguration de StatPress pour le rendre moins gourmand en espace de stockage dans la BDD. Les acc\u00e8s robots n&rsquo;y sont plus comptabilis\u00e9s.<\/p>\n<p><em><strong>Cache-cache<\/strong><\/em> (05.02.2009 &#8211; v.3.13)<br \/>\nA la recherche d&rsquo;un syst\u00e8me de cache pour acc\u00e9ler le site, je finis par \u00ab\u00a0d\u00e9gotter\u00a0\u00bb le plug-in DB-Cache qui \u00ab\u00a0booste\u00a0\u00bb les acc\u00e8s \u00e0 la base de donn\u00e9es et par cons\u00e9quent l&rsquo;affichage g\u00e9n\u00e9ral du site. Les premiers r\u00e9sultats sont assez convaincants.<\/p>\n<p><em><strong>Gestion avanc\u00e9e des cat\u00e9gories &#8211; Episode 2<\/strong><\/em> (04.02.2009 &#8211; v.3.12a)<br \/>\nRemplacement du plug-in Advanced Category Excluder par SimplyExclude moins gourmand, plus efficace mais aussi moins \u00e9vident \u00e0 configurer.<\/p>\n<p><em><strong>Sondages<\/strong><\/em> (03.02.2009 &#8211; v.3.12)<br \/>\nMise en service du plug-in WP-Poll pour cr\u00e9er et g\u00e9rer de petits sondages en rapport avec les sujets du site.<br \/>\nFrancisation peu \u00e9vidente, mais finalement fonctionnelle.<\/p>\n<p><em><strong>Premi\u00e8res am\u00e9liorations de la version 3.1<\/strong><\/em> (01.02.2009 &#8211; v.3.11)<br \/>\nInstallation du Plug-In Google XML Sitemaps pour am\u00e9liorer le r\u00e9f\u00e9rencement d&rsquo;AlpAvistA sur Google, Yahoo, MSN et Ask.<\/p>\n<p><em><strong>Trois point un :-)<\/strong><\/em> (31.01.2009 &#8211; v.3.10a)<br \/>\nMise en ligne officielle de la premi\u00e8re version compl\u00e8te et stable d&rsquo;AlpAvistA 3<\/p>\n<p><em><strong>Collapsing Archives :-(<\/strong><\/em> (30.01.2009 &#8211; v.3.10a)<br \/>\n&#8211; suppression du plugin Collpasing Archives, superbe mais beaucoup trop gourmand en ressources. Sorry !<br \/>\n&#8211; remise en service du widget Archives WP de base. La vitesse de rafraichissement du site est incroyable.<\/p>\n<p><em><strong>Stats<\/strong><\/em> (30.01.2009 &#8211; v.3.10)<br \/>\n&#8211; plugin de statistiques compl\u00e8tes StatPressReloaded avec widget pour affichage public des informations usuelles.<\/p>\n<p><em><strong>Liste de liens<\/strong><\/em> (29.01.2009 &#8211; v.3.09)<br \/>\n&#8211; installation du plug-in MultiColumnListLink pour g\u00e9n\u00e9rer une liste alphab\u00e9tiques des liens<br \/>\n&#8211; rapide bidouille du CSS pour l&rsquo;affichage sur trois colonnes.<br \/>\n&#8211; cette section est sommaire et sera compl\u00e9t\u00e9e plus tard avec des lien-images.<\/p>\n<p><em><strong>Tables des mati\u00e8res<\/strong><\/em> (29.01.2009 &#8211; v.3.08)<br \/>\n&#8211; installation du plug-in AZIndex pour g\u00e9n\u00e9rer des lexiques alphab\u00e9tiques pour les escapades et pour les chroniques<br \/>\n&#8211; gros travail sur la feuille de style d&rsquo;Easy Contact pour l&rsquo;adapter au graphisme du site.<\/p>\n<p><em><strong>Garder le contact<\/strong><\/em> (28.01.2009 &#8211; v.3.07)<br \/>\n&#8211; mise en service d&rsquo;une page avec formulaire de contact, bas\u00e9 sur le plug-in Easy Contact.<br \/>\n&#8211; reconfiguration du footer avec incorporation de liens divers : infos, historique, contact, th\u00e8me, moteur.<\/p>\n<p><em><strong>Gestion avanc\u00e9e des cat\u00e9gories<\/strong><\/em> (27.01.2009 &#8211; v3.06)<br \/>\n&#8211; restructuration des cat\u00e9gories de base.<br \/>\n&#8211; exclusion des articles de la cat\u00e9gorie \u00ab\u00a0chroniques\u00a0\u00bb dans la chronologie de la page d&rsquo;accueil, gr\u00e2ce au plug-in Advanced Category Excluder.<br \/>\n&#8211; affichage d&rsquo;une \u00ab\u00a0chronique du moment\u00a0\u00bb dans la side-bar \u00e0 l&rsquo;aide du plug-in Category Posts Widget.<\/p>\n<p><em><strong>Redirection<\/strong><\/em> (26.01.2009 &#8211; v.3.05b)<br \/>\n&#8211; cr\u00e9ation d&rsquo;un fichier .htaccess pour rediriger automatiquement toutes les requ\u00eates de Alp06 vers Alp11<br \/>\n&#8211; superbe proc\u00e9dure de transfert automatique requ\u00eates d&rsquo;articles DC directement vers les articles WP correspondants.<br \/>\n&#8211; tous les Google PageRanks d&rsquo;AlpAvistA sont ainsi conserv\u00e9s.<\/p>\n<p><em><strong>Interface d&rsquo;administration<\/strong><\/em> (21.01.2009 &#8211; v.3.05a)<br \/>\n&#8211; mise en place du plug-in Ozh&rsquo; Admin Drop Down Menu am\u00e9liorant le tableau de bord de la partie gestion de WP.<br \/>\n&#8211; plus compact, disposant de menus d\u00e9roulants et parfaitement configurable, ce plug est vraiment indispensable.<\/p>\n<p><em><strong>Pagination<\/strong><\/em> (19.01.2009 &#8211; v.3.05)<br \/>\n&#8211; installation du plug-in WP Page Numbers pour am\u00e9liorer la navigation entre les diff\u00e9rents articles de la page d&rsquo;accueil.<\/p>\n<p><em><strong>Collapsing Archives<\/strong><\/em> (17.01.2009 &#8211; v.3.04)<br \/>\n&#8211; affichage hi\u00e9rarchis\u00e9 des archives du site dans la side-bar gr\u00e2ce au superbe plug-in Collapsing Archives.<\/p>\n<p><em><strong>First Widgets<\/strong><\/em> (11.01.2009 &#8211; v.3.03)<br \/>\nMise en place des premiers widgets dans la side-bar :<br \/>\n&#8211; images \u00e0l\u00e9atoire NextGen Gallery.<br \/>\n&#8211; articles al\u00e9atoires.<\/p>\n<p><em><strong>Nuage de tags<\/strong><\/em> (10.01.2009 &#8211; v.3.02)<br \/>\nConfiguration du widget int\u00e9gr\u00e9 au th\u00e8me \u00ab\u00a0Charred\u00a0\u00bb nuages de tags.<\/p>\n<p><em><strong>Charred<\/strong><\/em> (10 et 11.01 2009 &#8211; v.3.01)<br \/>\n&#8211; installation et adaptation du th\u00e8me \u00ab\u00a0Charred\u00a0\u00bb en provenance du ma\u00eetre en la mati\u00e8re, le site \u00ab\u00a0Revolution Two\u00a0\u00bb.<br \/>\n&#8211; provisoirement libres de droits, les th\u00e8mes \u00ab\u00a0Revolution Two\u00a0\u00bb sont maintenant redevenus payants. Dommage !<br \/>\n&#8211; gros bidouillage(s) pour l&rsquo;adapter au nouveau format AlpA.<\/p>\n<p><em><strong>Fastidieuses photos<\/strong><\/em> (du 8.01.2009 au 24\/25.01.2009)<br \/>\n&#8211; transfert des images par ftp et recr\u00e9ation de toutes les galeries gr\u00e2ce au plug-in NextGen Gallery.<br \/>\n&#8211; Copier\/Coller manuel des l\u00e9gendes \u00e0 partir de la version DotClear encore en service.<\/p>\n<p><em><strong>NextGen Gallery<\/strong><\/em> (9.01.2009)<br \/>\n&#8211; installation et configuration du somptueux plug-in NextGen Gallery.<\/p>\n<p><em><strong>Transfert des donn\u00e9es<\/strong><\/em> (8.01.2009)<br \/>\n&#8211; export des donn\u00e9es de la base SQL DotClear gr\u00e2ce au plug-in FlatExport (version DC)<br \/>\n&#8211; r\u00e9importation gr\u00e2ce au m\u00eame plugin (version WP) dans la nouvelle base de donn\u00e9es.<br \/>\n&#8211; les articles, les cat\u00e9gories, les commentaires, les liens ainsi que les auteurs sont parfaitement transf\u00e9r\u00e9s.<br \/>\n&#8211; les images et leurs l\u00e9gendes ne sont pas transf\u00e9r\u00e9es automatiquement et devront \u00eatre r\u00e9install\u00e9s manuellement.<\/p>\n<p><em><strong>Changement de syst\u00e8me<\/strong><\/em> (6.01.2009 &#8211; v.3.00)<br \/>\n&#8211; abandon de DotClear version 1.2x et installation de WordPress version 2.7fr.<br \/>\n&#8211; les exigences techniques trop importantes et le manque d&rsquo;extensions disponibles m&rsquo;ont incit\u00e9 \u00e0 renoncer \u00e0 DotClear 2.<\/p>\n<input class=\"fooboxshare_post_id\" type=\"hidden\" value=\"1315\"\/>","protected":false},"excerpt":{"rendered":"<p>Historique des mises \u00e0 jour du site (01.2009 &#8211; 12.2010) Historique de la version 1 Historique de la version 2 Historique de la version 3 Historique de la version 4 Historique de la version 5 Historique de la version 6 Historique de la version 7 &nbsp; &nbsp; Partager mieux (10.08.2010 &#8211; v.3.25) &#8211; Remplacement du plug-in Sociable par Bookmarkify et mise \u00e0 jour des r\u00e9seaux sociaux disponibles (del.icio.us, Facebook, LinkedIn, Twitter, Windows Live, FeedBurner Email) RSS Grafitti (07.08.2010 &#8211; v.3.24) [&hellip;]<\/p>\n","protected":false},"author":2,"featured_media":0,"parent":261,"menu_order":0,"comment_status":"closed","ping_status":"closed","template":"","meta":{"footnotes":""},"class_list":["post-1315","page","type-page","status-publish","hentry"],"_links":{"self":[{"href":"https:\/\/alpavista.ch\/Alp11\/wp-json\/wp\/v2\/pages\/1315","targetHints":{"allow":["GET"]}}],"collection":[{"href":"https:\/\/alpavista.ch\/Alp11\/wp-json\/wp\/v2\/pages"}],"about":[{"href":"https:\/\/alpavista.ch\/Alp11\/wp-json\/wp\/v2\/types\/page"}],"author":[{"embeddable":true,"href":"https:\/\/alpavista.ch\/Alp11\/wp-json\/wp\/v2\/users\/2"}],"replies":[{"embeddable":true,"href":"https:\/\/alpavista.ch\/Alp11\/wp-json\/wp\/v2\/comments?post=1315"}],"version-history":[{"count":0,"href":"https:\/\/alpavista.ch\/Alp11\/wp-json\/wp\/v2\/pages\/1315\/revisions"}],"up":[{"embeddable":true,"href":"https:\/\/alpavista.ch\/Alp11\/wp-json\/wp\/v2\/pages\/261"}],"wp:attachment":[{"href":"https:\/\/alpavista.ch\/Alp11\/wp-json\/wp\/v2\/media?parent=1315"}],"curies":[{"name":"wp","href":"https:\/\/api.w.org\/{rel}","templated":true}]}}