{"id":1321,"date":"2009-01-28T14:39:29","date_gmt":"2009-01-28T13:39:29","guid":{"rendered":"http:\/\/www.alpavista.ch\/Alp11\/?page_id=1321"},"modified":"2020-12-25T01:29:31","modified_gmt":"2020-12-25T00:29:31","slug":"alpavista-version-2xx","status":"publish","type":"page","link":"https:\/\/alpavista.ch\/Alp11\/alpavista\/alpavista-version-2xx\/","title":{"rendered":"AlpAvistA version 2.xx"},"content":{"rendered":"<p>Historique des mises \u00e0 jour du site (02.2006 &#8211; 01.2009)<\/p>\n<p><img decoding=\"async\" alt=\"Page d'accueil de la version 2\" src=\"https:\/\/www.alpavista.ch\/Alp11\/wp-content\/uploads\/Images_Site\/vig_alpavista_2.jpg\" align=\"right\" \/><br \/>\n<a href=\"https:\/\/www.alpavista.ch\/Alp11\/alpavista\/alpavista-version-1xx\/\">Historique de la version 1<\/a><br \/>\nHistorique de la version 2<br \/>\n<a href=\"https:\/\/www.alpavista.ch\/Alp11\/alpavista\/alpavista-version-3xx\/\">Historique de la version 3<\/a><br \/>\n<a href=\"https:\/\/www.alpavista.ch\/Alp11\/alpavista\/alpavista-version-4xx\/\">Historique de la version 4<\/a><br \/>\n<a href=\"https:\/\/www.alpavista.ch\/Alp11\/alpavista\/alpavista-version-5xx\/\">Historique de la version 5<\/a><br \/>\n<a href=\"https:\/\/www.alpavista.ch\/Alp11\/alpavista\/alpavista-version-6xx\/\">Historique de la version 6<\/a><br \/>\n<a href=\"https:\/\/www.alpavista.ch\/Alp11\/alpavista\/alpavista-version-7-xx\/\">Historique de la version 7<\/a><\/p>\n<p>&nbsp;<\/p>\n<p>&nbsp;<\/p>\n<p><strong><em>dcjQueryLightBox 0.4<\/em><em><\/em><\/strong>\u00a0 (26.03.2008)<br \/>\nMise \u00e0 jour du plug-in dcjQueryLightBox, de la version 0.2 vers la 0.4.<\/p>\n<p><strong><em>Exit Pdf4dc<\/em><em><\/em><\/strong>\u00a0 (15.01.2008)<br \/>\nPeu utilis\u00e9 et gourmand en ressources, Pdf4dc est le premier plug-in \u00e0 passer \u00e0 la trappe de la cure d&rsquo;optimisation 2008.<\/p>\n<p><strong><em>SnapShots<\/em><em><\/em><\/strong>\u00a0 (04.12.2007)<br \/>\nAffiliation et int\u00e9gration du script SnapShots pour g\u00e9rer l&rsquo;affichage d&rsquo;une image miniature sur chaque lien du module \u00ab\u00a0links\u00a0\u00bb.<\/p>\n<p><strong><em>New Lightbox<\/em><em><\/em><\/strong>\u00a0 (17.10.2007)<br \/>\nRemplacement du plug-in Lightbox 2.0 par un clone plus rapide et mieux adapt\u00e9 \u00e0 DotClear, dcjQueryLightBox. Les effets visuels restent identiques, mais l&rsquo;affichage des images est beaucoup plus rapide.<\/p>\n<p><strong><em>Retouche de la typo<\/em><em><\/em><\/strong>\u00a0 (26.04.2007)<br \/>\nModification de la feuille de style pour affiner et agrandir la fonte de base (Trebuchet)<\/p>\n<p><strong><em>G\u00e9olocalisation des randonn\u00e9es<\/em><em><\/em><\/strong>\u00a0 (24.04.2007)<br \/>\nInstallation du ph\u00e9nom\u00e9nal plug-in <b> Dotmap <\/b> (vers.1.2) qui permet d&rsquo;associer aux articles, les carte-satellites en provenance de GoogleMap, dans le but de localiser les spots d\u00e9crits.<\/p>\n<p><strong><em>Mise \u00e0 jour DotClear version 1.2.6<\/em><em><\/em><\/strong>\u00a0 (11.04.2007)<br \/>\nUpgrade de principe pour respecter les recommandations du team DotClear. Proc\u00e9dure rapide et ais\u00e9e, comme d&rsquo;hab&rsquo; avec le syst\u00e8me DC.<\/p>\n<p><strong><em>BBClone restyling <\/em><em><\/em><\/strong>\u00a0 (21.03.2007)<br \/>\nMise \u00e0 jour du plug-in BBClone (vers.049a) pour une meilleure prise en compte des syst\u00e8mes d&rsquo;exploitation r\u00e9cents et des derni\u00e8res versions de navigateurs.<\/p>\n<p><strong><em>F&#8230;ing Spam<\/em><em><\/em><\/strong>\u00a0 (25.01.2007)<br \/>\nY en a marre du spam dans les commentaires !!! Face \u00e0 l&rsquo;incroyable imagination dont font preuve les spammeurs pour passer au travers des mailles (black lists) de \u00ab\u00a0Spamplemousse\u00a0\u00bb, j&rsquo;ai opt\u00e9 pour l&rsquo;installation d&rsquo;un deuxi\u00e8me dispositif. Le plug-in \u00ab\u00a0Spam Clear\u00a0\u00bb fonctionne de mani\u00e8re compl\u00e8tement diff\u00e9rente (filtre bay\u00e9sien) et surtout tr\u00e8s compl\u00e9mentaire.<\/p>\n<p><strong><em>Exit la Newsletter<\/em><em><\/em><\/strong>\u00a0 (08.01.2007)<br \/>\nChoix \u00e9nergique pour marquer l&rsquo;arriv\u00e9e en 2007, le plug-in \u00ab\u00a0Newsletter\u00a0\u00bb passe \u00e0 la trappe, pour son manque d&rsquo;int\u00e9r\u00eat de la part des visiteurs, mais surtout pour sa propension \u00e0 r\u00e9colter de fausses adresses mails li\u00e9es au spam.<\/p>\n<p><strong><em>Reorganisation de la side-bar<\/em><em><\/em><\/strong>\u00a0 (29.11.2006)<br \/>\nSuppression du plug-in \u00ab\u00a0Random-Post\u00a0\u00bb et regroupement des archives (articles et photos al\u00e9atoires) dans un seul bloc, pour faire un peu de place pour le bloc \u00ab\u00a0Newsletter\u00a0\u00bb<\/p>\n<p><strong><em>Newsletter<\/em><em><\/em><\/strong>\u00a0 (28.11.2006)<br \/>\nInstallation du plug-in \u00ab\u00a0Newsletter\u00a0\u00bb pour annoncer par mail la mise en ligne de nouveaux articles.<\/p>\n<p>Correction de l&rsquo;erreur [Notice: Only variables should be assigned by reference in \/ecrire\/tools\/bbclone\/lib\/io.php] que ce nouveau plug-in cause \u00e0 BBClone &#8211; Statistiques.<\/p>\n<p><strong><em>arcSwitcher &amp; nouveaux navigateurs<\/em><em><\/em><\/strong>\u00a0 (08.11.2006)<br \/>\nCorrection du fichier [ecrire\/tools\/arcSwitcher\/functions.js] pour supprimer l&rsquo;erreur (NS_ERROR_INVALID_POINTER) [nsIDOMHTMLFormElement.removeChild] avec Firefox 2.0<\/p>\n<p><!-- ligne 11 supprimer  'aS_form.removeChild(aS_submit);  --><br \/>\nModification mineure du script [ecrire\/tools\/arcSwitcher\/functions.php] pour corriger le bug \u00ab\u00a0aS_option_\u00a0\u00bb dans l&rsquo;affichage de la liste d\u00e9roulante des archives avec IE7.<\/p>\n<p><!-- ligne 79 remplacer  'label=\"aS_option_'.$date.'\" '. par 'label=\"'.$titre.'\"'.  --><\/p>\n<p><strong><em>Tags<\/em><em><\/em><\/strong>\u00a0 (20.08.2006)<br \/>\nModif du script [ecrire\/poster.php] pour g\u00e9rer les tags des articles directement lors de leur cr\u00e9ation ou de leur \u00e9dition.<\/p>\n<p><!-- ligne 532 rajouter include(dirname(FILE).'\/tools\/twtags\/poster-inc.php'); --><\/p>\n<p><strong><em>Lightbox<\/em><em><\/em><\/strong>\u00a0 (21.07.2006)<br \/>\nInstallation de l&rsquo;\u00e9poustoufflant plug-in \u00ab\u00a0Lightbox\u00a0\u00bb (et int\u00e9gration avec \u00ab\u00a0Gallery\u00a0\u00bb), pour permettre la visualisation des images en mode dynamique, dans une fen\u00eatre \u00e9clair\u00e9e auto-dimensionnable sur arri\u00e8re-plan assombri. La mise en valeur des photos est hallucinante, mais le comptage des clics invalid\u00e9, en raison de l&rsquo;utilisation du JavaScript. C&rsquo;est un choix entre esth\u00e9tisme et mercantilisme. Pas vraiment de quoi h\u00e9siter un dixi\u00e8me de seconde&#8230;<\/p>\n<p><strong><em>Article al\u00e9atoire<\/em><em><\/em><\/strong>\u00a0 (19.07.2006)<br \/>\nBidouillage et installation du plug-in \u00ab\u00a0RandomPost\u00a0\u00bb qui permet d&rsquo;afficher al\u00e9atoirement des t\u00eetres d&rsquo;article dans la bo\u00eete \u00ab\u00a0S\u00e9lections\u00a0\u00bb.<\/p>\n<p><strong><em>Gsitemap<\/em><em><\/em><\/strong>\u00a0 (14.07.2006)<br \/>\nInstallation du plug-in \u00ab\u00a0Google Site Maps\u00a0\u00bb qui permet d&rsquo;indiquer \u00e0 Google, toutes les pages du site et de lui transmettre les informations les concernant. Cette m\u00e9thode est tr\u00e8s utile pour les sites qui comportent des pages dynamiques, qu&rsquo;il est difficile d&rsquo;atteindre en suivant simplement des liens.<\/p>\n<p><strong><em>PDF &amp; Archives<\/em><em><\/em><\/strong>\u00a0 (08.07.2006)<br \/>\nMise en place du plug-in \u00ab\u00a0Pdf4dc\u00a0\u00bb permettant de t\u00e9l\u00e9charger les articles du site au format Acrobat.<\/p>\n<p>Remise en service de la fonction \u00ab\u00a0Archives\u00a0\u00bb mais via le plug-in \u00ab\u00a0arcSwitcher\u00a0\u00bb qui permet d&rsquo;afficher les dates dans une liste d\u00e9roulante.<\/p>\n<p><strong><em>Recherche surlign\u00e9e<\/em><em><\/em><\/strong>\u00a0 (06.07.2006)<br \/>\nInstallation du plug-in \u00ab\u00a0Highlight Search\u00a0\u00bb pour mettre en \u00e9vidence les mots trouv\u00e9s gr\u00e2ce au formulaire de recherche.<\/p>\n<p><strong><em>Creative Commons<\/em><em><\/em><\/strong>\u00a0 (30.06.2006)<br \/>\nPublication sous licence Creative Commons et affichage du logo correspondant<\/p>\n<p><strong><em>Pagination<\/em><em><\/em><\/strong>\u00a0 (29.06.2006)<br \/>\nInstallation du plug-in \u00ab\u00a0Pagination\u00a0\u00bb qui permet la pr\u00e9sentation de chaque rubrique du site sur plusieurs pages.<\/p>\n<p><strong><em>Liens encore<\/em><em><\/em><\/strong>\u00a0 (26.06.2006)<br \/>\nModif du script [ecrire\/tools\/blogroll\/functions.php] pour ouvrir les liens externes dans une nouvelle fen\u00eatre.<\/p>\n<p><!-- ligne 57, remplacer\n'<a target=\"_blank\" rel=\"noopener\">\n\n<strong><em>Rubrique liens<\/em><em><\/em><\/strong>\u00a0 (23.06.2006)\nRemise en service de la rubrique liens, en utilisant le gestionnaire et les fonctions de DotClear, mais avec affichage hors \"template\" via une page sp\u00e9cifique g\u00e9r\u00e9e \u00e0 l'aide du plug-in \"Pages connexes\".\nModif du script [ecrire\\tools\\extendedinfo\\functions.php] pour rajouter le comptage du nombre de liens enregistr\u00e9s.\n\n<!-- ligne 15, rajouter case 'linkscount': $query = 'SELECT count(*) as info from '.DB_PREFIX.'link'; break; --><\/p>\n<p><strong><em>Articles connexes<\/em><em><\/em><\/strong>\u00a0 (21.06.2006)<br \/>\nMise en place des plug-ins \u00ab\u00a0M\u00e9tadonn\u00e9es\u00a0\u00bb, \u00ab\u00a0Tags\u00a0\u00bb et \u00ab\u00a0Billets connexes\u00a0\u00bb pour cr\u00e9er un syst\u00e8me de relations entre les articles bas\u00e9 sur une liste de mot-cl\u00e9s.<\/p>\n<p><strong><em>Nombre de lectures<\/em><em><\/em><\/strong>\u00a0 (20.06.2006)<br \/>\nInstallation du plug-in \u00ab\u00a0Nombre de lectures\u00a0\u00bb qui permet d&rsquo;\u00e9valuer l&rsquo;int\u00e9r\u00eat que suscite chaque article du site.<\/p>\n<p><strong><em>URL Type<\/em><em><\/em><\/strong>\u00a0 (15.06.2006)<br \/>\nChangement forc\u00e9 du type des URL de \u00ab\u00a0Path Info\u00a0\u00bb \u00e0 \u00ab\u00a0Query String\u00a0\u00bb pour mettre le site en conformit\u00e9 avec la nouvelle la configuration des serveurs d&rsquo;h\u00e9bergement.<\/p>\n<p><strong><em>Hack Of Gallery<\/em><em><\/em><\/strong>\u00a0 (07.06.2006)<br \/>\nModif du script [ecrire\/tools\/gallery\/functions.php] pour remplacer le lien des aper\u00e7u-images vers l&rsquo;image en vraie grandeur (fonction non-utilis\u00e9e, car images pr\u00e9dimensionn\u00e9es pour affichage dans l&rsquo;interface graphique uniquement), par un lien qui retourne vers la galerie-parent.<\/p>\n<p>Merci \u00e0 Simon &amp; timecl du forum DotClear pour leurs pr\u00e9cieux renseignements. :o)<\/p>\n<p><!--  lignes 294 et 299, remplacer\necho '<\/a><a href=\"'.$galleryImage-?phpMyAdmin=74fa178437b9a1aa63ce3da47bc9c64b>getImageURL().'\">'.\npar\necho '<\/a><a href=\"', dcGallery::galURL() .'\">'.\n--><\/p>\n<p><strong><em>Mise \u00e0 jour DotClear version 1.2.5<\/em><em><\/em><\/strong>\u00a0 (06.06.2006)<br \/>\nNo souci again.<\/p>\n<p><strong><em>Anti-spam<\/em><em><\/em><\/strong>\u00a0 (02.06.2006)<br \/>\nInstallation de Spamplemousse pour surveiller les commentaires et emp\u00eacher les annonces \u00e0 caract\u00e8re commercial<\/p>\n<p><strong><em>Tech<\/em><em><\/em><\/strong>\u00a0 (12.05.2006)<br \/>\nMise en ligne d&rsquo;une page contenant toutes les infos techniques du site avec leurs r\u00e9f\u00e9rences respectives<\/p>\n<p><strong><em>Alp 404<\/em><em><\/em><\/strong>\u00a0 (11.05.2006)<br \/>\nInstallation d&rsquo;une page personnalis\u00e9e pour r\u00e9cup\u00e9ration l&rsquo;erreur 404 (page non-trouv\u00e9e), avec redirection automatique vers le site et envoi d&rsquo;un message d\u00e9taill\u00e9 (date, heure, IP, provenance, page demand\u00e9e) au webmaster incomp\u00e9tent.<\/p>\n<p><strong><em>Vignettes &amp; Unconnected<\/em><em><\/em><\/strong>\u00a0 (10.05.2006)<br \/>\nRetouches de la feuille de style du plug-in \u00ab\u00a0Gallery\u00a0\u00bb pour r\u00e9duire la taille et afficher les vignettes sur 4 colonnes.<br \/>\nLe plug-in \u00ab\u00a0Connected\u00a0\u00bb trop gourmand en ressources et peu utile dans le cadre d&rsquo;un site non-communautaire passe \u00e0 la trappe.<\/p>\n<p><strong><em>Historique<\/em><em><\/em><\/strong>\u00a0 (05.05.2006)<br \/>\nGr\u00e2ce au plug-in \u00ab\u00a0Pages connexes\u00a0\u00bb, cr\u00e9ation d&rsquo;un historique des \u00ab\u00a0updates\u00a0\u00bb du site (ce que vous \u00eates en train de lire :o))<\/p>\n<p><strong><em>Contact &amp; Pages connexes<\/em><em><\/em><\/strong>\u00a0 (04.05.2006)<br \/>\nMise en place d&rsquo;un formulaire de contact pour remplacer la fonction html\/php \u00ab\u00a0mailto\u00a0\u00bb trop sujette au spam. L&rsquo;affichage du formulaire n\u00e9cessite l&rsquo;installation du plug-in \u00ab\u00a0Pages connexes\u00a0\u00bb<\/p>\n<p><strong><em>Affichage sous IE<\/em><em><\/em><\/strong>\u00a0 (03.05.2006)<br \/>\nCorrection du bug d&rsquo;affichage des coins arrondis des bo\u00eetes articles sous Internet Explorer (pas de probl\u00e8mes avec Firefox).<br \/>\nLe probl\u00e8me \u00e9tait li\u00e9 \u00e0 un margin\/padding contradictoire dans la feuille de style (CSS)<\/p>\n<p><strong><em>Stats<\/em><em><\/em><\/strong>\u00a0 (02.05.2006)<br \/>\nInstallation des plug-ins \u00ab\u00a0BBclone\u00a0\u00bb &amp; \u00ab\u00a0Gstat\u00a0\u00bb qui comptent et affichent les statistiques de fr\u00e9quentation du site.<\/p>\n<p>R\u00e9solution du probl\u00e8me de stats qui restent \u00e0 z\u00e9ro, gr\u00e2ce \u00e0 la modif des attributs du fichier-cach\u00e9 .htalock<\/p>\n<p><strong><em>Infos<\/em><em><\/em><\/strong>\u00a0 (01.05.2006)<br \/>\nInstallation du plug-in \u00ab\u00a0Informations \u00e9tendues\u00a0\u00bb qui donne des infos sur le contenu du site.<\/p>\n<p>Modif du script [ecrire\\tools\\extendedinfo\\functions.php] pour le rajouter le comptage des galeries et des images.<\/p>\n<p><!--  case 'imgcount': $query = 'SELECT count(*) as info from '.DB_PREFIX.'galImage'; break; case 'galcount': $query = 'SELECT count(*) as info from '.DB_PREFIX.'galGallery'; break; lignes 13 et 14 du script ecrire\\tools\\extendedinfo\\functions.php\t     --><\/p>\n<p><strong><em>Conecting People<\/em><em><\/em><\/strong>\u00a0 (29.04.2006)<br \/>\nInstallation du plug-in \u00ab\u00a0Connected\u00a0\u00bb qui affiche en direct le nombre de personnes qui surfent sur le site<\/p>\n<p><strong><em>Fastidieux mais n\u00e9cessaire<\/em><em><\/em><\/strong>\u00a0 (17.04\/25.04.2006)<br \/>\nReconditionnement des photos et mise en ligne de toutes les galeries d&rsquo;AlpA 1 et de chArAbiA de 2001 \u00e0 2006.<\/p>\n<p><strong><em>Mise \u00e0 jour de DotClear version 1.2.4<\/em><em><\/em><\/strong>\u00a0 (15.04.2006)<br \/>\nNo souci<\/p>\n<p><strong><em>Images<\/em><em><\/em><\/strong>\u00a0 (02.04.2006)<br \/>\nInstallation et configuration du plug-in \u00ab\u00a0Gallery\u00a0\u00bb. Upload des premi\u00e8res images et apprentissage des fonctions et subtilit\u00e9s du plug-in. Premi\u00e8res impressions tr\u00e8s positives et jamais d\u00e9menties depuis. Un plug-in \u00ab\u00a0incontournable\u00a0\u00bb pour DotClear<\/p>\n<p><strong><em>Tables des mati\u00e8res<\/em><em><\/em><\/strong>\u00a0 (29.03.2006)<br \/>\nInstallation du plug-in TOC (Table Of Content). Pas mal d&rsquo;erreurs lors des acc\u00e8s-fichiers par les scripts, probablement li\u00e9es au haut niveau de s\u00e9curit\u00e9 de ma nouvelle solution d&rsquo;h\u00e9bergement.<\/p>\n<p><strong><em>Transferts SQL<\/em><em><\/em><\/strong>\u00a0 (18.03.\/25.03.2006)<br \/>\nCr\u00e9ation des cat\u00e9gories et des r\u00e9dacteurs. Export des tables articles, sections et compte-rendus \u00e0 partir des backups d&rsquo;AlpA 1 et importation semi-automatique dans la nouvelle base de donn\u00e9es.<\/p>\n<p>R\u00e9sultat concluant malgr\u00e9 quelques \u00ab\u00a0bugs\u00a0\u00bb r\u00e9currents et retouches manuelles fastidieuses mais in\u00e9vitables.<\/p>\n<p><strong><em>Th\u00e8me Alto<\/em><em><\/em><\/strong>\u00a0 (15.03.2006)<br \/>\nApr\u00e8s quelques recherches, choix du th\u00e8me Alto et gros \u00ab\u00a0hacks\u00a0\u00bb pour l&rsquo;adapter aux param\u00e8tres graphiques choisis :<\/p>\n<p>&#8211; modification de la largeur \u00ab\u00a0hors-tout\u00a0\u00bb (960 pixels adapt\u00e9e aux \u00e9crans 15 pouces de 1024&#215;768 pixels)<\/p>\n<p>&#8211; unification des teintes de la colonne lat\u00e9rale (bleu en l&rsquo;occurence)<\/p>\n<p>&#8211; cr\u00e9ation et modification du script de rotation des images (800x150px) du header<\/p>\n<p>&#8211; retouches des largeurs de bo\u00eetes, des grandeurs de polices et marges ext\u00e9rieures\/int\u00e9rieures<\/p>\n<p><strong><em>Installation de DotClear version 1.2.3<\/em><em><\/em><\/strong>\u00a0 (13.03.2006)<br \/>\nApr\u00e8s cr\u00e9ation de la base de donn\u00e9es, l&rsquo;installation est sans souci.<\/p>\n<p><strong><em>&#8230;And the winner is&#8230;<\/em><em><\/em><\/strong>\u00a0 (12.03.2006)<br \/>\nEvident mon cher Watson ! Pourquoi aller chercher aussi loin, ce qu&rsquo;on a tous les jours sous les yeux ?<\/p>\n<p>DotClear, le syst\u00e8me sous lequel tourne mon blog m&rsquo;appara\u00eet d&rsquo;un seul coup comme parfaitement adapt\u00e9 au concept choisi pour le nouveau site : un carnet de route, (ou plut\u00f4t de chemins). DotClear est un syst\u00e8me moderne, l\u00e9ger, performant et dot\u00e9 de suffisamment d&rsquo;extensions pour rajouter quelques fonctions utiles :<\/p>\n<p>&#8211; conforme aux normes du W3C<\/p>\n<p>&#8211; usage de CSS<\/p>\n<p>&#8211; fils RSS<\/p>\n<p>&#8211; gestion d&rsquo;articles par cat\u00e9gories<\/p>\n<p>&#8211; multi-r\u00e9dacteur avec niveaux<\/p>\n<p>&#8211; syst\u00e8me de commentaires flexible<\/p>\n<p>&#8211; galeries d&rsquo;images<\/p>\n<p><strong><em>Tournez petits CMS<\/em><em><\/em><\/strong>\u00a0 (25.02.\/10.03.2006)<br \/>\nA la recherche d&rsquo;un CMS (Content Management System) plus moderne, test de diff\u00e9rents syst\u00e8mes (SPIP, Drupal, EZPublish, Xaraya). Pas mal de choses int\u00e9ressantes, mais rien de compl\u00e8tement convaincant ou adapt\u00e9.<\/p>\n<p><strong><em>AlpAvistA est mort ! Vive AlpAvistA !<\/em><em><\/em><\/strong>\u00a0 (22.02.2006)<br \/>\nSuite \u00e0 une modificaton de solution d&rsquo;h\u00e9bergement, la version PostNuke 0.70x devenue obsol\u00e8te ne fonctionne plus sur le nouveau serveur. Une refonte compl\u00e8te du site s&rsquo;impose.<\/p>\n<p>&nbsp;<\/a><\/p>\n<input class=\"fooboxshare_post_id\" type=\"hidden\" value=\"1321\"\/>","protected":false},"excerpt":{"rendered":"<p>Historique des mises \u00e0 jour du site (02.2006 &#8211; 01.2009) Historique de la version 1 Historique de la version 2 Historique de la version 3 Historique de la version 4 Historique de la version 5 Historique de la version 6 Historique de la version 7 &nbsp; &nbsp; dcjQueryLightBox 0.4\u00a0 (26.03.2008) Mise \u00e0 jour du plug-in dcjQueryLightBox, de la version 0.2 vers la 0.4. Exit Pdf4dc\u00a0 (15.01.2008) Peu utilis\u00e9 et gourmand en ressources, Pdf4dc est le premier plug-in \u00e0 passer \u00e0 [&hellip;]<\/p>\n","protected":false},"author":2,"featured_media":0,"parent":261,"menu_order":0,"comment_status":"closed","ping_status":"closed","template":"","meta":{"footnotes":""},"class_list":["post-1321","page","type-page","status-publish","hentry"],"_links":{"self":[{"href":"https:\/\/alpavista.ch\/Alp11\/wp-json\/wp\/v2\/pages\/1321","targetHints":{"allow":["GET"]}}],"collection":[{"href":"https:\/\/alpavista.ch\/Alp11\/wp-json\/wp\/v2\/pages"}],"about":[{"href":"https:\/\/alpavista.ch\/Alp11\/wp-json\/wp\/v2\/types\/page"}],"author":[{"embeddable":true,"href":"https:\/\/alpavista.ch\/Alp11\/wp-json\/wp\/v2\/users\/2"}],"replies":[{"embeddable":true,"href":"https:\/\/alpavista.ch\/Alp11\/wp-json\/wp\/v2\/comments?post=1321"}],"version-history":[{"count":0,"href":"https:\/\/alpavista.ch\/Alp11\/wp-json\/wp\/v2\/pages\/1321\/revisions"}],"up":[{"embeddable":true,"href":"https:\/\/alpavista.ch\/Alp11\/wp-json\/wp\/v2\/pages\/261"}],"wp:attachment":[{"href":"https:\/\/alpavista.ch\/Alp11\/wp-json\/wp\/v2\/media?parent=1321"}],"curies":[{"name":"wp","href":"https:\/\/api.w.org\/{rel}","templated":true}]}}