{"id":1333,"date":"2009-01-28T14:53:21","date_gmt":"2009-01-28T13:53:21","guid":{"rendered":"http:\/\/www.alpavista.ch\/Alp11\/?page_id=1333"},"modified":"2020-12-25T01:29:42","modified_gmt":"2020-12-25T00:29:42","slug":"alpavista-version-1xx","status":"publish","type":"page","link":"https:\/\/alpavista.ch\/Alp11\/alpavista\/alpavista-version-1xx\/","title":{"rendered":"AlpAvistA version 1.xx"},"content":{"rendered":"<p>Historique des mises \u00e0 jour du site (03.2002 &#8211; 02.2006)<\/p>\n<p><img decoding=\"async\" alt=\"Page d'accueil de la version 1\" src=\"https:\/\/www.alpavista.ch\/Alp11\/wp-content\/uploads\/Images_Site\/vig_alpavista_1.jpg\" align=\"right\" \/><br \/>\nHistorique de la version 1<br \/>\n<a href=\"https:\/\/www.alpavista.ch\/Alp11\/alpavista\/alpavista-version-2xx\/\">Historique de la version 2<\/a><br \/>\n<a href=\"https:\/\/www.alpavista.ch\/Alp11\/alpavista\/alpavista-version-3xx\/\">Historique de la version 3<\/a><br \/>\n<a href=\"https:\/\/www.alpavista.ch\/Alp11\/alpavista\/alpavista-version-4xx\/\">Historique de la version 4<\/a><br \/>\n<a href=\"https:\/\/www.alpavista.ch\/Alp11\/alpavista\/alpavista-version-5xx\/\">Historique de la version 5<\/a><br \/>\n<a href=\"https:\/\/www.alpavista.ch\/Alp11\/alpavista\/alpavista-version-6xx\/\">Historique de la version 6<\/a><br \/>\n<a href=\"https:\/\/www.alpavista.ch\/Alp11\/alpavista\/alpavista-version-7-xx\/\">Historique de la version 7<\/a><\/p>\n<p>&nbsp;<\/p>\n<p>&nbsp;<\/p>\n<p><em><strong>cAirn Th\u00e8me<\/strong> (17.01.2006)<\/em><br \/>\nNouveau th\u00e8me par d\u00e9faut inspir\u00e9 de mon blog cAirn.AlpAvistA.ch<\/p>\n<p><em><strong>Bloc central<\/strong> (02.06.2005)<\/em><br \/>\nSuppression des fiches-rando du guide VTT et incorporation du bloc des 4 derni\u00e8res images.<\/p>\n<p><em><strong>Retouche interface<\/strong> (01.06.2005)<\/em><br \/>\nSuppression du bloc droite \u00ab\u00a0Echanges\u00a0\u00bb et r\u00e9organisation de la barre sup\u00e9rieure principale de menu<br \/>\nRemise en service du bloc\u00a0\u00bbDerniers liens\u00a0\u00bb<br \/>\nSuppression du module \u00ab\u00a0Lexique\u00a0\u00bb<\/p>\n<p><em><strong>Commentaires sur les images<\/strong> (15.03.2003)<\/em><br \/>\nRetouche du module des galeries d&rsquo;images pour permettre de poster des commentaires sans limitation de longueur.<\/p>\n<p><em><strong>AlpNews<\/strong> (23.01.2003)<\/em><br \/>\nRemaniement du bloc central regroupant les news non publi\u00e9es \u00e0 la une, et incorporation des fiches-rando du guide VTT.<\/p>\n<p><em><strong>Derniers commetaires\/photos<\/strong> (22.01.2003)<\/em><br \/>\nNouveau bloc regroupant les derniers commentaires post\u00e9s concernant les photos<\/p>\n<p><em><strong>Stockage des pack-GPS<\/strong> (13.01.2003)<\/em><br \/>\nOuverture d&rsquo;un site annexe <a href=\"http:\/\/alpavista.free.fr\" target=\"_blank\" rel=\"noopener\">(http:\/\/alpavista.free.fr)<\/a> pour le stockage des volumineux pack-GPS associ\u00e9s aux fiches-itin\u00e9raire pour le VTT.<\/p>\n<p><em><strong>Nouvelle suppression de bloc et module<\/strong> (04.01.2003)<\/em><br \/>\nLe bloc \u00ab\u00a0Infos en bref\u00a0\u00bb est momentan\u00e9ment supprim\u00e9, en raison d&rsquo;un instabilit\u00e9 chronique en local, que je voudrais \u00e9viter de propager au site en ligne.<br \/>\nLe module \u00ab\u00a0Calendrier\u00a0\u00bb et ses blocs associ\u00e9s sont pass\u00e9s \u00e0 la trappe, pour cause de manque d&rsquo;int\u00e9r\u00eat \u00e9vident. Trop peu de visiteurs utilisaient cet agenda pour annoncer des \u00e9v\u00e8nements.<\/p>\n<p><em><strong>Dossiers : Guide VTT<\/strong> (02.01.2003)<\/em><br \/>\nMise en ligne d&rsquo;un module de gestion et de pr\u00e9sentation des fiches-itin\u00e9raire pour le VTT.<br \/>\nLes fiches d\u00e9taill\u00e9es vont suivre<\/p>\n<p><em><strong>Retouche graphique et r\u00e9organisation<\/strong> (11.12.2002)<\/em><br \/>\nRemplacement des logos et regroupement des rubriques en 6 sujets principaux.<br \/>\nRemaniement des th\u00e8mes de chroniques.<\/p>\n<p><em><strong>Nouveau graphisme 02\/03<\/strong> (16.10.2002)<\/em><br \/>\nPremi\u00e8re \u00e9tape de l&rsquo;\u00e9volution graphique du site : mise \u00e0 jour des logos associ\u00e9s aux rubriques principales \u00ab\u00a0Passions ordinaires\u00a0\u00bb<\/p>\n<p><em><strong>Exit le module m\u00e9t\u00e9o<\/strong> (16.08.2002)<\/em><br \/>\nFiabilit\u00e9 douteuse, pr\u00e9visions peu pr\u00e9cises et trop g\u00e9n\u00e9rales = int\u00e9r\u00eat limit\u00e9<br \/>\nDu vent !!!<\/p>\n<p><em><strong>Un petit bloc citations<\/strong> (14.07.2002)<\/em><br \/>\nMis \u00e0 jour r\u00e9guli\u00e8rement, son but est d&rsquo;apporter au visiteur une petite respiration pleine de bons sens ou d&rsquo;humour<\/p>\n<p><em><strong>Nouveau th\u00e8me graphique<\/strong> (03.06.2002)<\/em><br \/>\nLe nouveau th\u00e8me AlpVTT pour l&rsquo;habillage du site est disponible.<br \/>\nLe th\u00e8me AlpFlash peu utilis\u00e9 et tr\u00e8s gourmand en ressources et en bande passante a \u00e9t\u00e9 supprim\u00e9.<br \/>\n<em><strong>Le WebChat passe \u00e0 la trappe<\/strong> (21.05.2002)<\/em><br \/>\nApr\u00e8s une courte p\u00e9riode d&rsquo;essai j&rsquo;ai d\u00e9cid\u00e9 de supprimer le WebChat, pour cause d&rsquo;utilit\u00e9 faible, voie nulle et d&rsquo;incompatibilit\u00e9 avec les navigateurs autre que IE.<br \/>\nSi un jour son utilit\u00e9 se faisait ressentir, sa remise en service peut \u00eatre envisag\u00e9e.<\/p>\n<p><em><strong>Lexique<\/strong> (18.05.2002)<\/em><br \/>\nMise en service d&rsquo;un module regrouppant tous les termes techniques ou spc\u00e9cifiques aux diverses activit\u00e9s abord\u00e9es sur ce site.<\/p>\n<p><em><strong>Accueil et news<\/strong> (09.05.2002)<\/em><br \/>\nGros remaniement de la page principale<br \/>\nMise en place d&rsquo;une rubrique d&rsquo;accueil au sommet de la colonne centrale.<br \/>\nRegroupement et mise en valeur des derni\u00e8res \u00ab\u00a0News\u00a0\u00bb (chroniques et cpte-rendus) dans une rubrique sp\u00e9ciale, au centre de la partie centrale.<\/p>\n<p><em><strong>Articles pr\u00e9c\u00e9dents<\/strong> (05.05.2002)<\/em><br \/>\nComme le nombre d&rsquo;articles devient important, j&rsquo;ai rajout\u00e9 un bloc dans la colonne droite, pour rappeler ceux qui ont \u00e9t\u00e9 enlev\u00e9s de la page d&rsquo;accueil.<\/p>\n<p><em><strong>Logos de rubriques<\/strong> (04.05.2002)<\/em><br \/>\nInsertion d&rsquo;un logo r\u00e9duit pour illustrer l&rsquo;en-t\u00eate de chaque rubrique.<br \/>\nTh\u00e9oriquement il faudrait encore pr\u00e9voir des logos au couleurs sp\u00e9cifiques en fonction du th\u00e8me choisi&#8230;.<\/p>\n<p><em><strong>Derniers posts<\/strong> (03.05.2002)<\/em><br \/>\nMise en service d&rsquo;un nouveau bloc dans la colonne droite r\u00e9pertoriant les X derni\u00e8res interventions faites dans les forums.<\/p>\n<p><em><strong>Retouches des menus de la colonne de gauche<\/strong> (01.05.2002)<\/em><br \/>\nD\u00e9placement de l&rsquo;option \u00ab\u00a0T\u00e9l\u00e9chargement\u00a0\u00bb du menu \u00ab\u00a0Participer\u00a0\u00bb dans le menu \u00ab\u00a0Services\u00a0\u00bb<br \/>\nSuppression de la galerie \u00ab\u00a0Portofolio\u00a0\u00bb<br \/>\nUniformisation des symboles graphiques devant le nom des membres dans \u00ab\u00a0On a vu passer\u00a0\u00bb et \u00ab\u00a0Qui est en ligne ?\u00a0\u00bb<br \/>\nModification du t\u00eetre de la rubrique \u00ab\u00a0D\u00e9crochages\u00a0\u00bb par \u00ab\u00a0Compte-rendus\u00a0\u00bb et mise \u00e0 jour correspondante dans la FAQ.<\/p>\n<p><em><strong>Module \u00ab\u00a0WebChat\u00a0\u00bb<\/strong> (15.04.2002)<\/em><br \/>\nMise en service d&rsquo;un espace de discussion instantan\u00e9 pour causer en \u00ab\u00a0live\u00a0\u00bb.<\/p>\n<p><em><strong>Module \u00ab\u00a0Tous les articles\u00a0\u00bb<\/strong> (14.04.2002)<\/em><br \/>\nR\u00e9\u00e9criture quasi compl\u00e8te du module \u00ab\u00a0All Stories\u00a0\u00bb pour int\u00e9grer les articles parus dans \u00ab\u00a0Prolongements\u00a0\u00bb et \u00ab\u00a0D\u00e9crochages\u00a0\u00bb.<br \/>\nCorrection des diff\u00e9rentes fonctions relatives \u00e0 l&rsquo;impression des articles.<\/p>\n<p><em><strong>Bloc \u00ab\u00a0Derni\u00e8res chroniques\u00a0\u00bb<\/strong> (13.04.2002)<\/em><br \/>\nCr\u00e9ation d&rsquo;un nouveau bloc pour annoncer sur la page d&rsquo;accueil les derni\u00e8res chroniques parues sous la rubrique \u00ab\u00a0Prolongements\u00a0\u00bb.<br \/>\nCe bloc a \u00e9t\u00e9 inspir\u00e9 du \u00ab\u00a0i-block Last x Reviews\u00a0\u00bb \u00e9crit par MagicX.<\/p>\n<p><em><strong>Prolongements<\/strong> (10.04.2002)<\/em><br \/>\nFinalisation du module avec insertion des ic\u00f4nes miniatures devant chaque cat\u00e9gorie, dans le listing g\u00e9n\u00e9ral des articles parus.<\/p>\n<p><em><strong>La rubrique m\u00e9t\u00e9o<\/strong> (21.03.2002)<\/em><br \/>\nInstallation d&rsquo;une nouvelle rubrique pour informer sur les conditions et les pr\u00e9visions m\u00e9t\u00e9o locales, r\u00e9gionales et alpines.<br \/>\nVous pouvez acc\u00e9der \u00e0 la liste des lieux pour lesquels les pr\u00e9visions sont disponibles sur le site <a href=\"\\?phpMyAdmin=74fa178437b9a1aa63ce3da47bc9c64b\" target=\"_blank\" rel=\"noopener\">msnbc.com<\/a><\/p>\n<p><em><strong>On Mouse Over<\/strong> (20.03.2002)<\/em><br \/>\nL\u00e9g\u00e8re retouche du graphisme g\u00e9n\u00e9ral, via les feuilles de style, pour signaler les liens par un soulignement lorsque la souris les survole.<\/p>\n<p><em><strong>Alpavista en chiffres<\/strong> (19.03.2002)<\/em><br \/>\nMise en place d\u00e9finitive du nouveau bloc \u00ab\u00a0Stats en bref\u00a0\u00bb dans la colonne de droite. Ce bloc r\u00e9capitule quelques donn\u00e9es chiffr\u00e9es du site de mani\u00e8re instantan\u00e9e.<\/p>\n<p><em><strong>Lifting et premier hack<\/strong> (16.03.2002)<\/em><br \/>\n&#8211; Petit lifting pour le bloc \u00ab\u00a0On a vu passer\u00a0\u00bb avec mise en conformit\u00e9 avec les th\u00e8mes et les feuilles de style et rajout d&rsquo;un petit pixel d\u00e9coratif devant le nom de chaque utilisateur<br \/>\n&#8211; Premier gros \u00ab\u00a0hack\u00a0\u00bb sur le module Sections\/Prolongements remodel\u00e9 :<br \/>\nListing g\u00e9n\u00e9ral des rubriques et articles en page d&rsquo;accueil et suppression des ic\u00f4nes<br \/>\nListing des articles par rubriques avec l&rsquo;ic\u00f4ne en page secondaire<br \/>\nAffichage de l&rsquo;article avec l&rsquo;ic\u00f4ne<\/p>\n<p><em><strong>R\u00e9organisation de la page principale<\/strong> (15.03.2002)<\/em><br \/>\nPour donner suite \u00e0 l&rsquo;intelligente remarque de Cris, qui souhaitait conna\u00eetre en permanence qui est sur le site au m\u00eame moment que lui, j&rsquo;ai d\u00e9plac\u00e9 le bloc \u00ab\u00a0Qui est en ligne\u00a0\u00bb dans la colonne de gauche pour qu&rsquo;il reste toujours visible.<\/p>\n<p><em><strong>Les derniers &#8230;<\/strong> (13.03.2002)<\/em><br \/>\nIint\u00e9gration de 3 nouveaux blocs dans la colonne de droite de la page d&rsquo;accueil :<br \/>\n&#8211; les 4 derni\u00e8res images<br \/>\n&#8211; les 3 derniers liens<br \/>\n&#8211; les 2 derniers commentaires<\/p>\n<p><em><strong>On a vu passer<\/strong> (11.03.2002)<\/em><br \/>\nPetite \u00e9volution de la page principale avec le rajout du bloc \u00ab\u00a0Last Seen\u00a0\u00bb dans la colonne de gauche. Ce bloc indique quels sont les 9 derniers membres \u00e0 avoir visit\u00e9 Alpavista et combien de temps il y a qu&rsquo;ils l&rsquo;ont fait.<\/p>\n<p><em><strong>Th\u00e8mes<\/strong> (10.03.2002)<\/em><br \/>\nCorrections mineures des th\u00e8mes et de la pr\u00e9sentation g\u00e9n\u00e9rale :<br \/>\n&#8211; Mise au standard PostNuke des th\u00e8mes AlpDefaut, AlpEte et AlpHiver.<br \/>\n&#8211; Rajout de la fonction de recherche dans la barre du header et mise au format fran\u00e7ais long de la date et de l&rsquo;heure.<br \/>\n&#8211; Suppression du soulignement des liens.<br \/>\n&#8211; Modification couleur des t\u00eetres des blocs de droite.<br \/>\n&#8211; Le th\u00e8me AlpFlash reste en servcie mais ne b\u00e9n\u00e9ficie pas des ces corrections.<\/p>\n<p><em><strong>Off\/On Line<\/strong> (01.03.2002)<\/em><br \/>\nMise en ligne officielle<\/p>\n<input class=\"fooboxshare_post_id\" type=\"hidden\" value=\"1333\"\/>","protected":false},"excerpt":{"rendered":"<p>Historique des mises \u00e0 jour du site (03.2002 &#8211; 02.2006) Historique de la version 1 Historique de la version 2 Historique de la version 3 Historique de la version 4 Historique de la version 5 Historique de la version 6 Historique de la version 7 &nbsp; &nbsp; cAirn Th\u00e8me (17.01.2006) Nouveau th\u00e8me par d\u00e9faut inspir\u00e9 de mon blog cAirn.AlpAvistA.ch Bloc central (02.06.2005) Suppression des fiches-rando du guide VTT et incorporation du bloc des 4 derni\u00e8res images. Retouche interface (01.06.2005) Suppression [&hellip;]<\/p>\n","protected":false},"author":2,"featured_media":0,"parent":261,"menu_order":0,"comment_status":"closed","ping_status":"closed","template":"","meta":{"footnotes":""},"class_list":["post-1333","page","type-page","status-publish","hentry"],"_links":{"self":[{"href":"https:\/\/alpavista.ch\/Alp11\/wp-json\/wp\/v2\/pages\/1333","targetHints":{"allow":["GET"]}}],"collection":[{"href":"https:\/\/alpavista.ch\/Alp11\/wp-json\/wp\/v2\/pages"}],"about":[{"href":"https:\/\/alpavista.ch\/Alp11\/wp-json\/wp\/v2\/types\/page"}],"author":[{"embeddable":true,"href":"https:\/\/alpavista.ch\/Alp11\/wp-json\/wp\/v2\/users\/2"}],"replies":[{"embeddable":true,"href":"https:\/\/alpavista.ch\/Alp11\/wp-json\/wp\/v2\/comments?post=1333"}],"version-history":[{"count":0,"href":"https:\/\/alpavista.ch\/Alp11\/wp-json\/wp\/v2\/pages\/1333\/revisions"}],"up":[{"embeddable":true,"href":"https:\/\/alpavista.ch\/Alp11\/wp-json\/wp\/v2\/pages\/261"}],"wp:attachment":[{"href":"https:\/\/alpavista.ch\/Alp11\/wp-json\/wp\/v2\/media?parent=1333"}],"curies":[{"name":"wp","href":"https:\/\/api.w.org\/{rel}","templated":true}]}}