{"id":2393,"date":"2010-12-12T11:02:18","date_gmt":"2010-12-12T10:02:18","guid":{"rendered":"http:\/\/www.alpavista.ch\/Alp11\/"},"modified":"2021-06-05T17:18:14","modified_gmt":"2021-06-05T15:18:14","slug":"infos","status":"publish","type":"page","link":"https:\/\/alpavista.ch\/Alp11\/valentialp\/infos\/","title":{"rendered":"Infos"},"content":{"rendered":"<p><img decoding=\"async\" alt=\"AlpA 21 Logo Carr\u00e9\" src=\"https:\/\/www.alpavista.ch\/Alp11\/wp-content\/uploads\/Images_Site\/AlpA_21_Logo_Carre.png\" align=\"right\" \/><br \/>\nAlpAvistA est un site personnel mis en ligne au printemps 2002. Au fil des ann\u00e9es et de ses versions successives, il n\u2019a cess\u00e9 d\u2019\u00e9voluer et de grandir. Gr\u00e2ce au z\u00e8le des robots de Google &#038; Co, et probablement aussi un peu, gr\u00e2ce \u00e0 la qualit\u00e9 de son contenu, il s\u2019est petit \u00e0 petit fait une place de choix dans l\u2019onglet \u00ab favoris \u00bb du navigateur de nombreux adeptes de plein air, en particulier ceux qui aiment fr\u00e9quenter la montagne sur leurs deux roues. Du coup, il est devenu fr\u00e9quent que je re\u00e7oive des mails pour me demander des informations, des renseignements ou des fichiers GPS.<\/p>\n<p>Avant de me solliciter ou de me bl\u00e2mer, il peut \u00eatre utile que vous preniez connaissance des points suivants  :<\/p>\n<p><strong>Ce qu\u2019AlpAvistA.ch n&rsquo;est pas &#8230;.<\/strong> (et ne sera jamais).<br \/>\n&#8211; une entreprise \u00e0 but lucratif.<br \/>\n&#8211; une soci\u00e9t\u00e9 qui organise des randos accompagn\u00e9es.<br \/>\n&#8211; un site qui propose des topos de parcours ou des tracks GPS.<br \/>\n&#8211; un organisme charg\u00e9 de vendre l&rsquo;image d&rsquo;une r\u00e9gion.<br \/>\n&#8211; une agence fournissant de quelconques prestations en rapport avec le tourisme.<\/p>\n<p><strong>Ce qu\u2019AlpAvistA.ch essaie d&rsquo;\u00eatre &#8230;.<\/strong><br \/>\n&#8211; un carnet de route, ou plus exactement de chemins.<br \/>\n&#8211; un recueil d&rsquo;histoires ordinaires, souvent en plein air.<br \/>\n&#8211; des portfolios qui illustrent les escapades hebdomadaires d&rsquo;un petit groupe d&rsquo;amis.<br \/>\n&#8211; un livret de chroniques en relation avec la nature, les Alpes et les activit\u00e9s outdoors en g\u00e9n\u00e9ral.<\/p>\n<p>Ceci dit, et si malgr\u00e9 tout, vous tenez \u00e0 me contacter, il vous suffit de remplir<a href=\"https:\/\/www.alpavista.ch\/Alp11\/alpavista\/formulaire-de-contact\/\"> <strong>ce formulaire<\/strong><\/a>.<\/p>\n<p>Je vous remercie d&rsquo;avoir pris le temps de me lire et je me r\u00e9jouis de vous croiser au d\u00e9tour d&rsquo;un chemin poussi\u00e9reux ou d&rsquo;une trace neigeuse.<\/p>\n<p>Steph.<\/p>\n<p><a href=\"https:\/\/alpavista.ch\/Alp11\/alpavista\/alpavista-version-7-xx\/\"><em>Infos techniques \u00e0 propos de ce site<\/em><\/a><\/p>\n<input class=\"fooboxshare_post_id\" type=\"hidden\" value=\"2393\"\/>","protected":false},"excerpt":{"rendered":"<p>AlpAvistA est un site personnel mis en ligne au printemps 2002. Au fil des ann\u00e9es et de ses versions successives, il n\u2019a cess\u00e9 d\u2019\u00e9voluer et de grandir. Gr\u00e2ce au z\u00e8le des robots de Google &#038; Co, et probablement aussi un peu, gr\u00e2ce \u00e0 la qualit\u00e9 de son contenu, il s\u2019est petit \u00e0 petit fait une place de choix dans l\u2019onglet \u00ab favoris \u00bb du navigateur de nombreux adeptes de plein air, en particulier ceux qui aiment fr\u00e9quenter la montagne sur [&hellip;]<\/p>\n","protected":false},"author":2,"featured_media":0,"parent":6055,"menu_order":7,"comment_status":"closed","ping_status":"closed","template":"","meta":{"footnotes":""},"class_list":["post-2393","page","type-page","status-publish","hentry"],"_links":{"self":[{"href":"https:\/\/alpavista.ch\/Alp11\/wp-json\/wp\/v2\/pages\/2393","targetHints":{"allow":["GET"]}}],"collection":[{"href":"https:\/\/alpavista.ch\/Alp11\/wp-json\/wp\/v2\/pages"}],"about":[{"href":"https:\/\/alpavista.ch\/Alp11\/wp-json\/wp\/v2\/types\/page"}],"author":[{"embeddable":true,"href":"https:\/\/alpavista.ch\/Alp11\/wp-json\/wp\/v2\/users\/2"}],"replies":[{"embeddable":true,"href":"https:\/\/alpavista.ch\/Alp11\/wp-json\/wp\/v2\/comments?post=2393"}],"version-history":[{"count":0,"href":"https:\/\/alpavista.ch\/Alp11\/wp-json\/wp\/v2\/pages\/2393\/revisions"}],"up":[{"embeddable":true,"href":"https:\/\/alpavista.ch\/Alp11\/wp-json\/wp\/v2\/pages\/6055"}],"wp:attachment":[{"href":"https:\/\/alpavista.ch\/Alp11\/wp-json\/wp\/v2\/media?parent=2393"}],"curies":[{"name":"wp","href":"https:\/\/api.w.org\/{rel}","templated":true}]}}