{"id":4988,"date":"2013-12-15T14:17:35","date_gmt":"2013-12-15T13:17:35","guid":{"rendered":"http:\/\/www.alpavista.ch\/Alp11\/?page_id=4988"},"modified":"2020-12-25T01:28:57","modified_gmt":"2020-12-25T00:28:57","slug":"alpavista-version-5xx","status":"publish","type":"page","link":"https:\/\/alpavista.ch\/Alp11\/alpavista\/alpavista-version-5xx\/","title":{"rendered":"AlpAvistA version 5.xx"},"content":{"rendered":"<p><strong>Historique des mises \u00e0 jour du site<\/strong> (12.2013 &#8211; 08.2016)<\/p>\n<p><img decoding=\"async\" alt=\"Page d'accueil de la version 5\" src=\"https:\/\/www.alpavista.ch\/Alp11\/wp-content\/uploads\/Images_Site\/vig_alpavista_5.jpg\" align=\"right\" \/><br \/>\n<a href=\"https:\/\/www.alpavista.ch\/Alp11\/alpavista\/alpavista-version-1xx\/\">Historique de la version 1<\/a><br \/>\n<a href=\"https:\/\/www.alpavista.ch\/Alp11\/alpavista\/alpavista-version-2xx\/\">Historique de la version 2<\/a><br \/>\n<a href=\"https:\/\/www.alpavista.ch\/Alp11\/alpavista\/alpavista-version-3xx\/\">Historique de la version 3<\/a><br \/>\n<a href=\"https:\/\/www.alpavista.ch\/Alp11\/alpavista\/alpavista-version-4xx\/\">Historique de la version 4<\/a><br \/>\nHistorique de la version 5<br \/>\n<a href=\"https:\/\/www.alpavista.ch\/Alp11\/alpavista\/alpavista-version-6xx\/\">Historique de la version 6<\/a><br \/>\n<a href=\"https:\/\/www.alpavista.ch\/Alp11\/alpavista\/alpavista-version-7-xx\/\">Historique de la version 7<\/a><\/p>\n<p>&nbsp;<br \/>\n&nbsp;<\/p>\n<p><em><strong>Four Point Five Four<\/strong> <\/em>(14.08.2016 &#8211; v.5.54)<br \/>\n&#8211; migration du site sur la nouvelle console d&rsquo;h\u00e9bergement d&rsquo;Infomaniak<br \/>\n&#8211; suppression de la fonction panorama \u00ab\u00a0grand-angle\u00a0\u00bb tournant sous Flash qui ne sera plus support\u00e9 par les navigateurs d\u00e8s septembre<\/p>\n<p><em><strong>Four Point Five Three<\/strong> <\/em>(22.06.2016 &#8211; v.5.53)<br \/>\n&#8211; la troisi\u00e8me \u00ab\u00a0Coleman\u00a0\u00bb mineure d\u00e9barque avec l&rsquo;\u00e9t\u00e9.<\/p>\n<p><em><strong>Four Point Five Two<\/strong> <\/em>(07.05.2016 &#8211; v.5.52)<br \/>\n&#8211; les mineures se succ\u00e8dent \u00e0 rythme rapprch\u00e9. \u00ab\u00a0Coleman\u00a0\u00bb serait-il un pr\u00e9matur\u00e9 ?<\/p>\n<p><em><strong>Four Point Five One<\/strong> <\/em>(27.04.2016 &#8211; v.5.51)<br \/>\n&#8211; \u00ab\u00a0Colemenan\u00a0\u00bb joue tr\u00e8s (trop) rapidement sa premi\u00e8re \u00ab\u00a0mineure\u00a0\u00bb&#8230;<\/p>\n<p><em><strong>Four Point Five<\/strong> <\/em>(13.04.2016 &#8211; v.5.50)<br \/>\n&#8211; \u00ab\u00a0Coleman\u00a0\u00bb de quoi rendre la quatre enfin \u00ab\u00a0majeure\u00a0\u00bb ?.<\/p>\n<p><em><strong>Four Point Four Two<\/strong> <\/em>(05.02.2016 &#8211; v.5.42)<br \/>\n&#8211; un zeste de deux, un soup\u00e7on de NexGen et une pinc\u00e9e de Category Post : 4.4.2 pour WP et 5.42 pour AlpA<\/p>\n<p><em><strong>Four Point Four One<\/strong> <\/em>(07.01.2016 &#8211; v.5.41)<br \/>\n&#8211; premi\u00e8re 4.4 = premi\u00e8re (20)16 small update  <\/p>\n<p><em><strong>Four Point Four<\/strong> <\/em>(09.12.2015 &#8211; v.5.40)<br \/>\n&#8211; double four major update. No prob&rsquo;! As usual with WP<\/p>\n<p><em><strong>Four Point Three One<\/strong> <\/em>(28.09.2015 &#8211; v.5.31)<br \/>\n&#8211; une small update canadienne from Cumberland<\/p>\n<p><em><strong>Four Point Three<\/strong> <\/em>(19.08.2015 &#8211; v.5.30)<br \/>\n&#8211; \u00ab\u00a0Billie\u00a0\u00bb quatri\u00e8me majeure de la quatre.<\/p>\n<p><em><strong>Four Point Two Four<\/strong> <\/em>(05.08.2015 &#8211; v.5.29)<br \/>\n&#8211; trois chiffres pairs dont une paire de deux. Une release d&rsquo;ao\u00fbt bien carr\u00e9e.<\/p>\n<p><em><strong>Four Point Two Three<\/strong> <\/em>(23.07.2015 &#8211; v.5.28)<br \/>\n&#8211; 2-3-4, un tierc\u00e9 dans le d\u00e9sordre pour une \u00ab\u00a0mineur\u00a0\u00bb update de mi-\u00e9t\u00e9.<\/p>\n<p><em><strong>Four Point Two Two<\/strong> <\/em>(07.05.2015 &#8211; v.5.27)<br \/>\n&#8211; each week, each (small) update.<\/p>\n<p><em><strong>Four Point Two One<\/strong> <\/em>(27.04.2015 &#8211; v.5.26)<br \/>\n&#8211; les scripts \u00ab\u00a0suck\u00a0\u00bb, les \u00ab\u00a0mineures\u00a0\u00bb d\u00e9filent.<\/p>\n<p><em><strong>Four Point Two<\/strong> <\/em>(24.04.2015 &#8211; v.5.25)<br \/>\n&#8211; les mises \u00e0 jour se suivent et se ressemblent : No Souci, y compris pour l&rsquo;importante 4.2, alias \u201cPowell\u201d<\/p>\n<p><em><strong>Four Point One Two<\/strong> <\/em>(21.04.2015 &#8211; v.5.24)<br \/>\n&#8211; et une \u00ab\u00a0critical security release\u00a0\u00bb <\/p>\n<p><em><strong>Four Point One One<\/strong> <\/em>(21.02.2015 &#8211; v.5.23)<br \/>\n&#8211; une petite \u00ab\u00a0maintenance release\u00a0\u00bb<\/p>\n<p><em><strong>Four Point One<\/strong> <\/em>(18.12.2014 &#8211; v.5.22)<br \/>\n&#8211; mise \u00e0 jour majeure vers WP 4.1 \u00ab\u00a0Dinah\u00a0\u00bb<\/p>\n<p><em><strong>Zero Point One<\/strong> <\/em>(20.11.2014 &#8211; v.5.21)<br \/>\n&#8211; mise \u00e0 jour mineure vers WP 4.0.1<\/p>\n<p><em><strong>Four Point Zero<\/strong> <\/em>(04.09.2014 &#8211; v.5.20)<br \/>\n&#8211; mise \u00e0 jour majeure vers WP 4.0 \u00ab\u00a0Benny\u00a0\u00bb<br \/>\n&#8211; remaniement de la sidebar de l&rsquo;acceuil : derni\u00e8re chronique [Category Post] \/ une histoire au hasard [Ciola Random Post] \/ r\u00e9seaux sociaux [Ciola Social Medias]<br \/>\n&#8211; red\u00e9finition de la sidbar des articles : billets connexes [YARPP] \/ fil d&rsquo;actu avec thumbnail et extrait [Category Post]<br \/>\n&#8211; suppression des extensions inutilis\u00e9es et des pages obsol\u00e8tes<\/p>\n<p><em><strong>Nine Point Two<\/strong> <\/em>(07.08.2014 &#8211; v.5.12)<br \/>\n&#8211; mise \u00e0 jour mineure vers WP 3.9.2<\/p>\n<p><em><strong>Nine Point One<\/strong> <\/em>(10.05.2014 &#8211; v.5.11)<br \/>\n&#8211; petite mise \u00e0 jour vers WP 3.9.1<br \/>\n&#8211; effacement d\u00e9finitif (!!! surtout pas d\u00e9sinstallation !!!) du plugin [NexgenGallery]. Plus d&rsquo;espoir que Photocrati finisse par en sortir un version stable&#8230;  <\/p>\n<p><em><strong>Jazzy Jimmy<\/strong> <\/em>(17.04.2014 &#8211; v.5.10)<br \/>\n&#8211; mise \u00e0 jour majeure de WP vers la version 3.9 \u00ab\u00a0Smith\u00a0\u00bb<\/p>\n<p><em><strong>Eight Point Three<\/strong> <\/em>(15.04.2014 &#8211; v.5.07)<br \/>\n&#8211; minor update to WP 3.8.3<\/p>\n<p><em><strong>Eight Point Two<\/strong> <\/em>(09.04.2014 &#8211; v.5.06)<br \/>\n&#8211; minor and problemless update to WP 3.8.2<\/p>\n<p><em><strong>Ciola Two Five<\/strong> <\/em>(29.03.2014 &#8211; v.5.05)<br \/>\n&#8211; mise \u00e0 jour mineure du th\u00e8me Ciola version 2.5<\/p>\n<p><em><strong>Photocrati sucks !<\/strong> <\/em>(24.02.2014 &#8211; v.5.03)<br \/>\n&#8211; abandon du plugin [NextGen Gallery], devenu lourd et instable depuis que Photocrati l&rsquo;a rachet\u00e9 et en repris son d\u00e9veloppement.<br \/>\n&#8211; installation de [NextCellent Gallery], aussi nomm\u00e9e NextGEN Legacy, une branche d\u00e9riv\u00e9e, bas\u00e9e sur la derni\u00e8re version (1.9.13) de son auteur historique, Alex Rabe.<br \/>\n&#8211; (re)hack des fichiers \\nextcellent-gallery-nextgen-legacy\\view\\gallery.php et \\nextcellent-gallery-nextgen-legacy\\widgets\\widgets.php  pour afficher la description de l&rsquo;image en mode \u00ab\u00a0shutter\u00a0\u00bb. <\/p>\n<p><em><strong>The Little Morning Live<\/strong> <\/em>(24.01.2014 &#8211; v.5.02)<br \/>\n&#8211; mise \u00e0 jour mineure vers WP 3.81<\/p>\n<p><em><strong>First Sunrise for AlpA 5<\/strong> <\/em>(18.12.2013 &#8211; v.5.01)<br \/>\n&#8211; mise \u00e0 niveau sommaire du graphisme du site avec le nouveau th\u00e8me [Ciola]<br \/>\n&#8211; installation du puissant plugin [Special Recent Posts PRO Edition] pour palier provisoirement \u00e0 la fonction \u00ab\u00a0posts offset\u00a0\u00bb, promise en native par l&rsquo;auteur du<br \/>\n  th\u00e8me, pour organiser la page d&rsquo;accueil.<br \/>\n&#8211; petit hack des fichiers \\nextgen-gallery\\view\\gallery.php et \\nextgen-gallery\\widgets\\widgets.php  pour afficher la description de l&rsquo;image en mode \u00ab\u00a0shutter\u00a0\u00bb. <\/p>\n<p><em><strong>Yellow Sunshine<\/strong> <\/em>(13.12.2013 &#8211; v.5.00)<br \/>\n&#8211; mise \u00e0 jour vers la superbe version WordPress 3.8 \u00ab\u00a0Parker\u00a0\u00bb<br \/>\n&#8211; relookage int\u00e9gral avec des couleurs chaudes, bas\u00e9 sur le th\u00e8me \u00ab\u00a0Ciola\u00a0\u00bb<\/p>\n<input class=\"fooboxshare_post_id\" type=\"hidden\" value=\"4988\"\/>","protected":false},"excerpt":{"rendered":"<p>Historique des mises \u00e0 jour du site (12.2013 &#8211; 08.2016) Historique de la version 1 Historique de la version 2 Historique de la version 3 Historique de la version 4 Historique de la version 5 Historique de la version 6 Historique de la version 7 &nbsp; &nbsp; Four Point Five Four (14.08.2016 &#8211; v.5.54) &#8211; migration du site sur la nouvelle console d&rsquo;h\u00e9bergement d&rsquo;Infomaniak &#8211; suppression de la fonction panorama \u00ab\u00a0grand-angle\u00a0\u00bb tournant sous Flash qui ne sera plus support\u00e9 par [&hellip;]<\/p>\n","protected":false},"author":2,"featured_media":0,"parent":261,"menu_order":0,"comment_status":"open","ping_status":"open","template":"","meta":{"footnotes":""},"class_list":["post-4988","page","type-page","status-publish","hentry"],"_links":{"self":[{"href":"https:\/\/alpavista.ch\/Alp11\/wp-json\/wp\/v2\/pages\/4988","targetHints":{"allow":["GET"]}}],"collection":[{"href":"https:\/\/alpavista.ch\/Alp11\/wp-json\/wp\/v2\/pages"}],"about":[{"href":"https:\/\/alpavista.ch\/Alp11\/wp-json\/wp\/v2\/types\/page"}],"author":[{"embeddable":true,"href":"https:\/\/alpavista.ch\/Alp11\/wp-json\/wp\/v2\/users\/2"}],"replies":[{"embeddable":true,"href":"https:\/\/alpavista.ch\/Alp11\/wp-json\/wp\/v2\/comments?post=4988"}],"version-history":[{"count":0,"href":"https:\/\/alpavista.ch\/Alp11\/wp-json\/wp\/v2\/pages\/4988\/revisions"}],"up":[{"embeddable":true,"href":"https:\/\/alpavista.ch\/Alp11\/wp-json\/wp\/v2\/pages\/261"}],"wp:attachment":[{"href":"https:\/\/alpavista.ch\/Alp11\/wp-json\/wp\/v2\/media?parent=4988"}],"curies":[{"name":"wp","href":"https:\/\/api.w.org\/{rel}","templated":true}]}}